{"id":261,"date":"2024-06-18T11:07:58","date_gmt":"2024-06-18T11:07:58","guid":{"rendered":"http:\/\/translationes.uvt.ro\/politica-editorial\/"},"modified":"2024-07-16T07:15:56","modified_gmt":"2024-07-16T07:15:56","slug":"politica-editorial","status":"publish","type":"page","link":"http:\/\/translationes.uvt.ro\/es\/politica-editorial\/","title":{"rendered":"Pol\u00edtica editorial"},"content":{"rendered":"\t\t<div data-elementor-type=\"wp-page\" data-elementor-id=\"261\" class=\"elementor elementor-261 elementor-37\" data-elementor-post-type=\"page\">\n\t\t\t\t\t\t<section class=\"elementor-section elementor-top-section elementor-element elementor-element-14823b4 elementor-section-boxed elementor-section-height-default elementor-section-height-default\" data-id=\"14823b4\" data-element_type=\"section\">\n\t\t\t\t\t\t<div class=\"elementor-container elementor-column-gap-default\">\n\t\t\t\t\t<div class=\"elementor-column elementor-col-100 elementor-top-column elementor-element elementor-element-2ba85b2\" data-id=\"2ba85b2\" data-element_type=\"column\">\n\t\t\t<div class=\"elementor-widget-wrap elementor-element-populated\">\n\t\t\t\t\t\t<div class=\"elementor-element elementor-element-8975676 elementor-widget elementor-widget-heading\" data-id=\"8975676\" data-element_type=\"widget\" data-widget_type=\"heading.default\">\n\t\t\t\t<div class=\"elementor-widget-container\">\n\t\t\t<style>\/*! elementor - v3.22.0 - 17-06-2024 *\/\n.elementor-heading-title{padding:0;margin:0;line-height:1}.elementor-widget-heading .elementor-heading-title[class*=elementor-size-]>a{color:inherit;font-size:inherit;line-height:inherit}.elementor-widget-heading .elementor-heading-title.elementor-size-small{font-size:15px}.elementor-widget-heading .elementor-heading-title.elementor-size-medium{font-size:19px}.elementor-widget-heading .elementor-heading-title.elementor-size-large{font-size:29px}.elementor-widget-heading .elementor-heading-title.elementor-size-xl{font-size:39px}.elementor-widget-heading .elementor-heading-title.elementor-size-xxl{font-size:59px}<\/style><h2 class=\"elementor-heading-title elementor-size-default\">Pol\u00edtica editorial<\/h2>\t\t<\/div>\n\t\t\t\t<\/div>\n\t\t\t\t<div class=\"elementor-element elementor-element-058c2f4 elementor-widget-divider--view-line elementor-widget elementor-widget-divider\" data-id=\"058c2f4\" data-element_type=\"widget\" data-widget_type=\"divider.default\">\n\t\t\t\t<div class=\"elementor-widget-container\">\n\t\t\t<style>\/*! elementor - v3.22.0 - 17-06-2024 *\/\n.elementor-widget-divider{--divider-border-style:none;--divider-border-width:1px;--divider-color:#0c0d0e;--divider-icon-size:20px;--divider-element-spacing:10px;--divider-pattern-height:24px;--divider-pattern-size:20px;--divider-pattern-url:none;--divider-pattern-repeat:repeat-x}.elementor-widget-divider .elementor-divider{display:flex}.elementor-widget-divider .elementor-divider__text{font-size:15px;line-height:1;max-width:95%}.elementor-widget-divider .elementor-divider__element{margin:0 var(--divider-element-spacing);flex-shrink:0}.elementor-widget-divider .elementor-icon{font-size:var(--divider-icon-size)}.elementor-widget-divider .elementor-divider-separator{display:flex;margin:0;direction:ltr}.elementor-widget-divider--view-line_icon .elementor-divider-separator,.elementor-widget-divider--view-line_text .elementor-divider-separator{align-items:center}.elementor-widget-divider--view-line_icon .elementor-divider-separator:after,.elementor-widget-divider--view-line_icon .elementor-divider-separator:before,.elementor-widget-divider--view-line_text .elementor-divider-separator:after,.elementor-widget-divider--view-line_text .elementor-divider-separator:before{display:block;content:\"\";border-block-end:0;flex-grow:1;border-block-start:var(--divider-border-width) var(--divider-border-style) var(--divider-color)}.elementor-widget-divider--element-align-left .elementor-divider .elementor-divider-separator>.elementor-divider__svg:first-of-type{flex-grow:0;flex-shrink:100}.elementor-widget-divider--element-align-left .elementor-divider-separator:before{content:none}.elementor-widget-divider--element-align-left .elementor-divider__element{margin-left:0}.elementor-widget-divider--element-align-right .elementor-divider .elementor-divider-separator>.elementor-divider__svg:last-of-type{flex-grow:0;flex-shrink:100}.elementor-widget-divider--element-align-right .elementor-divider-separator:after{content:none}.elementor-widget-divider--element-align-right .elementor-divider__element{margin-right:0}.elementor-widget-divider--element-align-start .elementor-divider .elementor-divider-separator>.elementor-divider__svg:first-of-type{flex-grow:0;flex-shrink:100}.elementor-widget-divider--element-align-start .elementor-divider-separator:before{content:none}.elementor-widget-divider--element-align-start .elementor-divider__element{margin-inline-start:0}.elementor-widget-divider--element-align-end .elementor-divider .elementor-divider-separator>.elementor-divider__svg:last-of-type{flex-grow:0;flex-shrink:100}.elementor-widget-divider--element-align-end .elementor-divider-separator:after{content:none}.elementor-widget-divider--element-align-end .elementor-divider__element{margin-inline-end:0}.elementor-widget-divider:not(.elementor-widget-divider--view-line_text):not(.elementor-widget-divider--view-line_icon) .elementor-divider-separator{border-block-start:var(--divider-border-width) var(--divider-border-style) var(--divider-color)}.elementor-widget-divider--separator-type-pattern{--divider-border-style:none}.elementor-widget-divider--separator-type-pattern.elementor-widget-divider--view-line .elementor-divider-separator,.elementor-widget-divider--separator-type-pattern:not(.elementor-widget-divider--view-line) .elementor-divider-separator:after,.elementor-widget-divider--separator-type-pattern:not(.elementor-widget-divider--view-line) .elementor-divider-separator:before,.elementor-widget-divider--separator-type-pattern:not([class*=elementor-widget-divider--view]) .elementor-divider-separator{width:100%;min-height:var(--divider-pattern-height);-webkit-mask-size:var(--divider-pattern-size) 100%;mask-size:var(--divider-pattern-size) 100%;-webkit-mask-repeat:var(--divider-pattern-repeat);mask-repeat:var(--divider-pattern-repeat);background-color:var(--divider-color);-webkit-mask-image:var(--divider-pattern-url);mask-image:var(--divider-pattern-url)}.elementor-widget-divider--no-spacing{--divider-pattern-size:auto}.elementor-widget-divider--bg-round{--divider-pattern-repeat:round}.rtl .elementor-widget-divider .elementor-divider__text{direction:rtl}.e-con-inner>.elementor-widget-divider,.e-con>.elementor-widget-divider{width:var(--container-widget-width,100%);--flex-grow:var(--container-widget-flex-grow)}<\/style>\t\t<div class=\"elementor-divider\">\n\t\t\t<span class=\"elementor-divider-separator\">\n\t\t\t\t\t\t<\/span>\n\t\t<\/div>\n\t\t\t\t<\/div>\n\t\t\t\t<\/div>\n\t\t\t\t\t<\/div>\n\t\t<\/div>\n\t\t\t\t\t<\/div>\n\t\t<\/section>\n\t\t\t\t<section class=\"elementor-section elementor-top-section elementor-element elementor-element-5f0dc5f elementor-section-boxed elementor-section-height-default elementor-section-height-default\" data-id=\"5f0dc5f\" data-element_type=\"section\">\n\t\t\t\t\t\t<div class=\"elementor-container elementor-column-gap-default\">\n\t\t\t\t\t<div class=\"elementor-column elementor-col-100 elementor-top-column elementor-element elementor-element-318939c\" data-id=\"318939c\" data-element_type=\"column\">\n\t\t\t<div class=\"elementor-widget-wrap elementor-element-populated\">\n\t\t\t\t\t\t<div class=\"elementor-element elementor-element-a6e97a5 elementor-widget elementor-widget-text-editor\" data-id=\"a6e97a5\" data-element_type=\"widget\" data-widget_type=\"text-editor.default\">\n\t\t\t\t<div class=\"elementor-widget-container\">\n\t\t\t<style>\/*! elementor - v3.22.0 - 17-06-2024 *\/\n.elementor-widget-text-editor.elementor-drop-cap-view-stacked .elementor-drop-cap{background-color:#69727d;color:#fff}.elementor-widget-text-editor.elementor-drop-cap-view-framed .elementor-drop-cap{color:#69727d;border:3px solid;background-color:transparent}.elementor-widget-text-editor:not(.elementor-drop-cap-view-default) .elementor-drop-cap{margin-top:8px}.elementor-widget-text-editor:not(.elementor-drop-cap-view-default) .elementor-drop-cap-letter{width:1em;height:1em}.elementor-widget-text-editor .elementor-drop-cap{float:left;text-align:center;line-height:1;font-size:50px}.elementor-widget-text-editor .elementor-drop-cap-letter{display:inline-block}<\/style>\t\t\t\t<p>La revista TRANSLATIONES es una de las publicaciones acad\u00e9micas de referencia de la de la Universidad del Oeste de Timi\u0219oara. Incluye estudios, rese\u00f1as y entrevistas sobre temas actuales de la investigaci\u00f3n en traducci\u00f3n contempor\u00e1nea, a trav\u00e9s de un enfoque anal\u00edtico y comparativo. El ritmo de publicaci\u00f3n es de un n\u00famero por a\u00f1o.<\/p>\n<p>Las \u00e1reas privilegiadas de inter\u00e9s son las siguientes:<\/p>\n<p>1) la relaci\u00f3n entre tradici\u00f3n e innovaci\u00f3n en los procesos hist\u00f3rico-epistemol\u00f3gicos y cr\u00edtico-editoriales de la disciplina;<\/p>\n<p>2) la relaci\u00f3n entre la <em> intraduction<\/em> (la importaci\u00f3n literaria, en forma de traducci\u00f3n, de un autor u obra) y la <em>extraduction<\/em> (la exportaci\u00f3n en forma de traducci\u00f3n);<\/p>\n<p>3) la traducci\u00f3n desde una perspectiva intercultural;<\/p>\n<p>4) el impacto de la informatizaci\u00f3n y la digitalizaci\u00f3n en el campo de la traducci\u00f3n (la investigaci\u00f3n y la explotaci\u00f3n de bases de datos y plataformas en l\u00ednea, la exploraci\u00f3n de las t\u00e9cnicas y de los m\u00e9todos para la generaci\u00f3n autom\u00e1tica de traducciones, la combinaci\u00f3n de la eficiencia digital con la habilidad humana en el proceso de posedici\u00f3n de la traducci\u00f3n autom\u00e1tica).<\/p>\n<p>5) la investigaci\u00f3n de la historia reciente de las traducciones al rumano (desde 1990 hasta la hoy), a trav\u00e9s del an\u00e1lisis cuantitativo y cualitativo de los datos (campos de traducci\u00f3n, autores, editores, traductores).<\/p>\n<p>Los autores son plenamente responsables de las ideas presentadas en los estudios aceptados para su publicaci\u00f3n. Los estudios deben ajustarse a las normas de redacci\u00f3n de la revista, que pueden consultarse en la <strong>Informaci\u00f3n para los autores. <\/strong> Los art\u00edculos se someter\u00e1n a una revisi\u00f3n editorial inicial y, en caso de evaluaci\u00f3n positiva por parte de los editores, cada estudio se someter\u00e1 a una revisi\u00f3n por pares a doble ciego.<em><\/em><\/p>\n<p>Todas las revisiones generadas <em>por el proceso<\/em> de revisi\u00f3n por pares ser\u00e1n realizadas \u00fanicamente por los autores, asumiendo los editores la responsabilidad de corregir t\u00e1citamente cualquier errata, error gramatical o de formato.<strong> <br \/><\/strong><strong> <\/strong><\/p>\n<h5><strong>Derechos de autor<\/strong><\/h5>\n<p>Todos los materiales publicados o partes de ellos est\u00e1n protegidos por <em>derechos de autor <\/em> contra reproducci\u00f3n, copia, reproducci\u00f3n parcial o total en otras publicaciones. Todos los derechos pertenecen a los autores, que est\u00e1n obligados a dar detalles de la publicaci\u00f3n original en la revista en caso de publicaci\u00f3n en otro contexto editorial.<\/p>\n<p>En el caso de material protegido por derechos de autor incorporado a estudios propuestos para su publicaci\u00f3n, los autores son responsables de obtener el permiso para su uso. Se enviar\u00e1 a los editores un acuerdo por escrito sobre dicho permiso.<\/p>\n\t\t\t\t\t\t<\/div>\n\t\t\t\t<\/div>\n\t\t\t\t\t<\/div>\n\t\t<\/div>\n\t\t\t\t\t<\/div>\n\t\t<\/section>\n\t\t\t\t<\/div>\n\t\t","protected":false},"excerpt":{"rendered":"<p>La revista TRANSLATIONES es una de las publicaciones acad\u00e9micas de referencia de la de la Universidad del Oeste de Timi\u0219oara. Incluye estudios, rese\u00f1as y entrevistas sobre temas actuales de la investigaci\u00f3n en traducci\u00f3n contempor\u00e1nea, a trav\u00e9s de un enfoque anal\u00edtico y comparativo. El ritmo de publicaci\u00f3n es de un n\u00famero por a\u00f1o. Las \u00e1reas privilegiadas [&hellip;]<\/p>\n","protected":false},"author":1,"featured_media":0,"parent":0,"menu_order":0,"comment_status":"closed","ping_status":"closed","template":"","meta":{"footnotes":""},"_links":{"self":[{"href":"http:\/\/translationes.uvt.ro\/es\/wp-json\/wp\/v2\/pages\/261"}],"collection":[{"href":"http:\/\/translationes.uvt.ro\/es\/wp-json\/wp\/v2\/pages"}],"about":[{"href":"http:\/\/translationes.uvt.ro\/es\/wp-json\/wp\/v2\/types\/page"}],"author":[{"embeddable":true,"href":"http:\/\/translationes.uvt.ro\/es\/wp-json\/wp\/v2\/users\/1"}],"replies":[{"embeddable":true,"href":"http:\/\/translationes.uvt.ro\/es\/wp-json\/wp\/v2\/comments?post=261"}],"version-history":[{"count":3,"href":"http:\/\/translationes.uvt.ro\/es\/wp-json\/wp\/v2\/pages\/261\/revisions"}],"predecessor-version":[{"id":403,"href":"http:\/\/translationes.uvt.ro\/es\/wp-json\/wp\/v2\/pages\/261\/revisions\/403"}],"wp:attachment":[{"href":"http:\/\/translationes.uvt.ro\/es\/wp-json\/wp\/v2\/media?parent=261"}],"curies":[{"name":"wp","href":"https:\/\/api.w.org\/{rel}","templated":true}]}}