{"id":357,"date":"2024-06-18T11:07:58","date_gmt":"2024-06-18T11:07:58","guid":{"rendered":"http:\/\/translationes.uvt.ro\/politique-editoriale\/"},"modified":"2024-07-26T12:08:42","modified_gmt":"2024-07-26T12:08:42","slug":"politique-editoriale","status":"publish","type":"page","link":"http:\/\/translationes.uvt.ro\/fr\/politique-editoriale\/","title":{"rendered":"Politique \u00c9ditoriale"},"content":{"rendered":"\t\t<div data-elementor-type=\"wp-page\" data-elementor-id=\"357\" class=\"elementor elementor-357 elementor-37\" data-elementor-post-type=\"page\">\n\t\t\t\t\t\t<section class=\"elementor-section elementor-top-section elementor-element elementor-element-14823b4 elementor-section-boxed elementor-section-height-default elementor-section-height-default\" data-id=\"14823b4\" data-element_type=\"section\">\n\t\t\t\t\t\t<div class=\"elementor-container elementor-column-gap-default\">\n\t\t\t\t\t<div class=\"elementor-column elementor-col-100 elementor-top-column elementor-element elementor-element-2ba85b2\" data-id=\"2ba85b2\" data-element_type=\"column\">\n\t\t\t<div class=\"elementor-widget-wrap elementor-element-populated\">\n\t\t\t\t\t\t<div class=\"elementor-element elementor-element-8975676 elementor-widget elementor-widget-heading\" data-id=\"8975676\" data-element_type=\"widget\" data-widget_type=\"heading.default\">\n\t\t\t\t<div class=\"elementor-widget-container\">\n\t\t\t<style>\/*! elementor - v3.22.0 - 17-06-2024 *\/\n.elementor-heading-title{padding:0;margin:0;line-height:1}.elementor-widget-heading .elementor-heading-title[class*=elementor-size-]>a{color:inherit;font-size:inherit;line-height:inherit}.elementor-widget-heading .elementor-heading-title.elementor-size-small{font-size:15px}.elementor-widget-heading .elementor-heading-title.elementor-size-medium{font-size:19px}.elementor-widget-heading .elementor-heading-title.elementor-size-large{font-size:29px}.elementor-widget-heading .elementor-heading-title.elementor-size-xl{font-size:39px}.elementor-widget-heading .elementor-heading-title.elementor-size-xxl{font-size:59px}<\/style><h2 class=\"elementor-heading-title elementor-size-default\">Politique \u00c9ditoriale<\/h2>\t\t<\/div>\n\t\t\t\t<\/div>\n\t\t\t\t<div class=\"elementor-element elementor-element-058c2f4 elementor-widget-divider--view-line elementor-widget elementor-widget-divider\" data-id=\"058c2f4\" data-element_type=\"widget\" data-widget_type=\"divider.default\">\n\t\t\t\t<div class=\"elementor-widget-container\">\n\t\t\t<style>\/*! elementor - v3.22.0 - 17-06-2024 *\/\n.elementor-widget-divider{--divider-border-style:none;--divider-border-width:1px;--divider-color:#0c0d0e;--divider-icon-size:20px;--divider-element-spacing:10px;--divider-pattern-height:24px;--divider-pattern-size:20px;--divider-pattern-url:none;--divider-pattern-repeat:repeat-x}.elementor-widget-divider .elementor-divider{display:flex}.elementor-widget-divider .elementor-divider__text{font-size:15px;line-height:1;max-width:95%}.elementor-widget-divider .elementor-divider__element{margin:0 var(--divider-element-spacing);flex-shrink:0}.elementor-widget-divider .elementor-icon{font-size:var(--divider-icon-size)}.elementor-widget-divider .elementor-divider-separator{display:flex;margin:0;direction:ltr}.elementor-widget-divider--view-line_icon .elementor-divider-separator,.elementor-widget-divider--view-line_text .elementor-divider-separator{align-items:center}.elementor-widget-divider--view-line_icon .elementor-divider-separator:after,.elementor-widget-divider--view-line_icon .elementor-divider-separator:before,.elementor-widget-divider--view-line_text .elementor-divider-separator:after,.elementor-widget-divider--view-line_text .elementor-divider-separator:before{display:block;content:\"\";border-block-end:0;flex-grow:1;border-block-start:var(--divider-border-width) var(--divider-border-style) var(--divider-color)}.elementor-widget-divider--element-align-left .elementor-divider .elementor-divider-separator>.elementor-divider__svg:first-of-type{flex-grow:0;flex-shrink:100}.elementor-widget-divider--element-align-left .elementor-divider-separator:before{content:none}.elementor-widget-divider--element-align-left .elementor-divider__element{margin-left:0}.elementor-widget-divider--element-align-right .elementor-divider .elementor-divider-separator>.elementor-divider__svg:last-of-type{flex-grow:0;flex-shrink:100}.elementor-widget-divider--element-align-right .elementor-divider-separator:after{content:none}.elementor-widget-divider--element-align-right .elementor-divider__element{margin-right:0}.elementor-widget-divider--element-align-start .elementor-divider .elementor-divider-separator>.elementor-divider__svg:first-of-type{flex-grow:0;flex-shrink:100}.elementor-widget-divider--element-align-start .elementor-divider-separator:before{content:none}.elementor-widget-divider--element-align-start .elementor-divider__element{margin-inline-start:0}.elementor-widget-divider--element-align-end .elementor-divider .elementor-divider-separator>.elementor-divider__svg:last-of-type{flex-grow:0;flex-shrink:100}.elementor-widget-divider--element-align-end .elementor-divider-separator:after{content:none}.elementor-widget-divider--element-align-end .elementor-divider__element{margin-inline-end:0}.elementor-widget-divider:not(.elementor-widget-divider--view-line_text):not(.elementor-widget-divider--view-line_icon) .elementor-divider-separator{border-block-start:var(--divider-border-width) var(--divider-border-style) var(--divider-color)}.elementor-widget-divider--separator-type-pattern{--divider-border-style:none}.elementor-widget-divider--separator-type-pattern.elementor-widget-divider--view-line .elementor-divider-separator,.elementor-widget-divider--separator-type-pattern:not(.elementor-widget-divider--view-line) .elementor-divider-separator:after,.elementor-widget-divider--separator-type-pattern:not(.elementor-widget-divider--view-line) .elementor-divider-separator:before,.elementor-widget-divider--separator-type-pattern:not([class*=elementor-widget-divider--view]) .elementor-divider-separator{width:100%;min-height:var(--divider-pattern-height);-webkit-mask-size:var(--divider-pattern-size) 100%;mask-size:var(--divider-pattern-size) 100%;-webkit-mask-repeat:var(--divider-pattern-repeat);mask-repeat:var(--divider-pattern-repeat);background-color:var(--divider-color);-webkit-mask-image:var(--divider-pattern-url);mask-image:var(--divider-pattern-url)}.elementor-widget-divider--no-spacing{--divider-pattern-size:auto}.elementor-widget-divider--bg-round{--divider-pattern-repeat:round}.rtl .elementor-widget-divider .elementor-divider__text{direction:rtl}.e-con-inner>.elementor-widget-divider,.e-con>.elementor-widget-divider{width:var(--container-widget-width,100%);--flex-grow:var(--container-widget-flex-grow)}<\/style>\t\t<div class=\"elementor-divider\">\n\t\t\t<span class=\"elementor-divider-separator\">\n\t\t\t\t\t\t<\/span>\n\t\t<\/div>\n\t\t\t\t<\/div>\n\t\t\t\t<\/div>\n\t\t\t\t\t<\/div>\n\t\t<\/div>\n\t\t\t\t\t<\/div>\n\t\t<\/section>\n\t\t\t\t<section class=\"elementor-section elementor-top-section elementor-element elementor-element-5f0dc5f elementor-section-boxed elementor-section-height-default elementor-section-height-default\" data-id=\"5f0dc5f\" data-element_type=\"section\">\n\t\t\t\t\t\t<div class=\"elementor-container elementor-column-gap-default\">\n\t\t\t\t\t<div class=\"elementor-column elementor-col-100 elementor-top-column elementor-element elementor-element-318939c\" data-id=\"318939c\" data-element_type=\"column\">\n\t\t\t<div class=\"elementor-widget-wrap elementor-element-populated\">\n\t\t\t\t\t\t<div class=\"elementor-element elementor-element-a6e97a5 elementor-widget elementor-widget-text-editor\" data-id=\"a6e97a5\" data-element_type=\"widget\" data-widget_type=\"text-editor.default\">\n\t\t\t\t<div class=\"elementor-widget-container\">\n\t\t\t<style>\/*! elementor - v3.22.0 - 17-06-2024 *\/\n.elementor-widget-text-editor.elementor-drop-cap-view-stacked .elementor-drop-cap{background-color:#69727d;color:#fff}.elementor-widget-text-editor.elementor-drop-cap-view-framed .elementor-drop-cap{color:#69727d;border:3px solid;background-color:transparent}.elementor-widget-text-editor:not(.elementor-drop-cap-view-default) .elementor-drop-cap{margin-top:8px}.elementor-widget-text-editor:not(.elementor-drop-cap-view-default) .elementor-drop-cap-letter{width:1em;height:1em}.elementor-widget-text-editor .elementor-drop-cap{float:left;text-align:center;line-height:1;font-size:50px}.elementor-widget-text-editor .elementor-drop-cap-letter{display:inline-block}<\/style>\t\t\t\t<p>La revue TRANSLATIONES est l\u2019un des p\u00e9riodiques de r\u00e9f\u00e9rence de l\u2019Universit\u00e9 de l\u2019Ouest de Timi\u015foara. Elle comprend des \u00e9tudes, des comptes rendus et des entretiens avec des traducteurs et des traductologues, portant sur des sujets actuels de la recherche en traductologie, \u00e0 travers des approches analytiques et comparatives. La revue para\u00eet une fois par an.<\/p>\n<p>Les th\u00e8mes de recherche sont:<\/p>\n<p>1) la relation tradition-innovation, telle qu\u2019elle se refl\u00e8te dans les processus historique et \u00e9pist\u00e9mologique propres \u00e0 la traductologie, la critique des traductions et l\u2019\u00e9ditorialisation;<\/p>\n<p>2) la relation entre <em>l\u2019intraduction<\/em> (importation de capital litt\u00e9raire par la traduction) et <em>l\u2019extraduction<\/em> (exportation de capital litt\u00e9raire par la traduction)<\/p>\n<p>3) la traduction dans une perspective interculturelle;\/approches interculturelles de la traduction<\/p>\n<p>4) l\u2019impact de l\u2019informatisation et de la num\u00e9risation sur la traductologie (bases de donn\u00e9es et plates-formes en ligne \u00e0 explorer pour faire de la recherche en traductologie; ressources pour la traduction automatique ou la traduction assist\u00e9e par l\u2019ordinateur; efficacit\u00e9 num\u00e9rique et comp\u00e9tence humaine dans la post-\u00e9dition des traductions);<\/p>\n<p>5) l\u2019histoire r\u00e9cente des traductions en langue roumaine (de 1990 \u00e0 nos jours) par des analyses quantitatives et qualitatives des donn\u00e9es (types de traduction, qui sont les auteurs dont on traduit les livres, quels sont les d\u00e9fis du monde de l\u2019\u00e9dition, statut du traducteur).<\/p>\n<p>Les articles retenus pour publication engagent la seule responsabilit\u00e9 de leurs auteurs. Les contributions doivent \u00eatre mises en page et r\u00e9dig\u00e9es selon les normes de r\u00e9daction de la revue disponibles dans la rubrique <strong>Informations aux auteurs<\/strong>. Les articles feront l\u2019objet d\u2019une pr\u00e9-\u00e9valuation faite par les membres du comit\u00e9 de r\u00e9daction. En cas de r\u00e9ponse favorable, chaque \u00e9tude sera ensuite soumise \u00e0 une \u00e9valuation par les pair-e- s en double aveugle.<em><\/em><\/p>\n<p>Il revient aux auteurs de revoir et de <em>corriger<\/em> leurs articles selon les remarques et les suggestions des \u00e9valuateurs. Les membres du comit\u00e9 de r\u00e9daction assument seulement la responsabilit\u00e9 de corriger tacitement les coquilles et les fautes de langue.<strong> <br \/><\/strong><strong> <\/strong><\/p>\n<h5><strong>Droits des auteurs<\/strong><\/h5>\n<p>Tous les documents publi\u00e9s dans la revue TRANSLATIONES ou des parties de ceux-ci sont prot\u00e9g\u00e9s par le <em>droit d\u2019auteur<\/em> contre la reproduction, le photocopillage, la reprise partielle ou totale dans d\u2019autres publications. Les droits appartiennent enti\u00e8rement aux auteurs, ayant l\u2019obligation de pr\u00e9ciser, en cas de publication dans un autre contexte \u00e9ditorial, des d\u00e9tails concernant la publication initiale dans la revue TRANSLATIONES.<\/p>\n<p>Il revient aux auteurs d\u2019obtenir l\u2019autorisation d\u2019utiliser les mat\u00e9riels prot\u00e9g\u00e9s par le droit d\u2019auteur et qui sont int\u00e9gr\u00e9s dans les \u00e9tudes soumises \u00e0 la publication. Un accord \u00e9crit concernant cette autorisation sera envoy\u00e9 au comit\u00e9 de r\u00e9daction.<\/p>\n\t\t\t\t\t\t<\/div>\n\t\t\t\t<\/div>\n\t\t\t\t\t<\/div>\n\t\t<\/div>\n\t\t\t\t\t<\/div>\n\t\t<\/section>\n\t\t\t\t<\/div>\n\t\t","protected":false},"excerpt":{"rendered":"<p>La revue TRANSLATIONES est l\u2019un des p\u00e9riodiques de r\u00e9f\u00e9rence de l\u2019Universit\u00e9 de l\u2019Ouest de Timi\u015foara. Elle comprend des \u00e9tudes, des comptes rendus et des entretiens avec des traducteurs et des traductologues, portant sur des sujets actuels de la recherche en traductologie, \u00e0 travers des approches analytiques et comparatives. La revue para\u00eet une fois par an. [&hellip;]<\/p>\n","protected":false},"author":1,"featured_media":0,"parent":0,"menu_order":0,"comment_status":"closed","ping_status":"closed","template":"","meta":{"footnotes":""},"_links":{"self":[{"href":"http:\/\/translationes.uvt.ro\/fr\/wp-json\/wp\/v2\/pages\/357"}],"collection":[{"href":"http:\/\/translationes.uvt.ro\/fr\/wp-json\/wp\/v2\/pages"}],"about":[{"href":"http:\/\/translationes.uvt.ro\/fr\/wp-json\/wp\/v2\/types\/page"}],"author":[{"embeddable":true,"href":"http:\/\/translationes.uvt.ro\/fr\/wp-json\/wp\/v2\/users\/1"}],"replies":[{"embeddable":true,"href":"http:\/\/translationes.uvt.ro\/fr\/wp-json\/wp\/v2\/comments?post=357"}],"version-history":[{"count":6,"href":"http:\/\/translationes.uvt.ro\/fr\/wp-json\/wp\/v2\/pages\/357\/revisions"}],"predecessor-version":[{"id":548,"href":"http:\/\/translationes.uvt.ro\/fr\/wp-json\/wp\/v2\/pages\/357\/revisions\/548"}],"wp:attachment":[{"href":"http:\/\/translationes.uvt.ro\/fr\/wp-json\/wp\/v2\/media?parent=357"}],"curies":[{"name":"wp","href":"https:\/\/api.w.org\/{rel}","templated":true}]}}