{"id":359,"date":"2024-06-18T11:08:05","date_gmt":"2024-06-18T11:08:05","guid":{"rendered":"http:\/\/translationes.uvt.ro\/evaluation-des-articles\/"},"modified":"2024-07-26T12:09:28","modified_gmt":"2024-07-26T12:09:28","slug":"evaluation-des-articles","status":"publish","type":"page","link":"http:\/\/translationes.uvt.ro\/fr\/evaluation-des-articles\/","title":{"rendered":"\u00c9valuation Des Articles"},"content":{"rendered":"\t\t<div data-elementor-type=\"wp-page\" data-elementor-id=\"359\" class=\"elementor elementor-359 elementor-39\" data-elementor-post-type=\"page\">\n\t\t\t\t\t\t<section class=\"elementor-section elementor-top-section elementor-element elementor-element-4590046 elementor-section-boxed elementor-section-height-default elementor-section-height-default\" data-id=\"4590046\" data-element_type=\"section\">\n\t\t\t\t\t\t<div class=\"elementor-container elementor-column-gap-default\">\n\t\t\t\t\t<div class=\"elementor-column elementor-col-100 elementor-top-column elementor-element elementor-element-69b52a0\" data-id=\"69b52a0\" data-element_type=\"column\">\n\t\t\t<div class=\"elementor-widget-wrap elementor-element-populated\">\n\t\t\t\t\t\t<div class=\"elementor-element elementor-element-197e1a6 elementor-widget elementor-widget-heading\" data-id=\"197e1a6\" data-element_type=\"widget\" data-widget_type=\"heading.default\">\n\t\t\t\t<div class=\"elementor-widget-container\">\n\t\t\t<style>\/*! elementor - v3.22.0 - 17-06-2024 *\/\n.elementor-heading-title{padding:0;margin:0;line-height:1}.elementor-widget-heading .elementor-heading-title[class*=elementor-size-]>a{color:inherit;font-size:inherit;line-height:inherit}.elementor-widget-heading .elementor-heading-title.elementor-size-small{font-size:15px}.elementor-widget-heading .elementor-heading-title.elementor-size-medium{font-size:19px}.elementor-widget-heading .elementor-heading-title.elementor-size-large{font-size:29px}.elementor-widget-heading .elementor-heading-title.elementor-size-xl{font-size:39px}.elementor-widget-heading .elementor-heading-title.elementor-size-xxl{font-size:59px}<\/style><h2 class=\"elementor-heading-title elementor-size-default\">\u00c9valuation Des Articles<\/h2>\t\t<\/div>\n\t\t\t\t<\/div>\n\t\t\t\t<div class=\"elementor-element elementor-element-b8ecb19 elementor-widget-divider--view-line elementor-widget elementor-widget-divider\" data-id=\"b8ecb19\" data-element_type=\"widget\" data-widget_type=\"divider.default\">\n\t\t\t\t<div class=\"elementor-widget-container\">\n\t\t\t<style>\/*! elementor - v3.22.0 - 17-06-2024 *\/\n.elementor-widget-divider{--divider-border-style:none;--divider-border-width:1px;--divider-color:#0c0d0e;--divider-icon-size:20px;--divider-element-spacing:10px;--divider-pattern-height:24px;--divider-pattern-size:20px;--divider-pattern-url:none;--divider-pattern-repeat:repeat-x}.elementor-widget-divider .elementor-divider{display:flex}.elementor-widget-divider .elementor-divider__text{font-size:15px;line-height:1;max-width:95%}.elementor-widget-divider .elementor-divider__element{margin:0 var(--divider-element-spacing);flex-shrink:0}.elementor-widget-divider .elementor-icon{font-size:var(--divider-icon-size)}.elementor-widget-divider .elementor-divider-separator{display:flex;margin:0;direction:ltr}.elementor-widget-divider--view-line_icon .elementor-divider-separator,.elementor-widget-divider--view-line_text .elementor-divider-separator{align-items:center}.elementor-widget-divider--view-line_icon .elementor-divider-separator:after,.elementor-widget-divider--view-line_icon .elementor-divider-separator:before,.elementor-widget-divider--view-line_text .elementor-divider-separator:after,.elementor-widget-divider--view-line_text .elementor-divider-separator:before{display:block;content:\"\";border-block-end:0;flex-grow:1;border-block-start:var(--divider-border-width) var(--divider-border-style) var(--divider-color)}.elementor-widget-divider--element-align-left .elementor-divider .elementor-divider-separator>.elementor-divider__svg:first-of-type{flex-grow:0;flex-shrink:100}.elementor-widget-divider--element-align-left .elementor-divider-separator:before{content:none}.elementor-widget-divider--element-align-left .elementor-divider__element{margin-left:0}.elementor-widget-divider--element-align-right .elementor-divider .elementor-divider-separator>.elementor-divider__svg:last-of-type{flex-grow:0;flex-shrink:100}.elementor-widget-divider--element-align-right .elementor-divider-separator:after{content:none}.elementor-widget-divider--element-align-right .elementor-divider__element{margin-right:0}.elementor-widget-divider--element-align-start .elementor-divider .elementor-divider-separator>.elementor-divider__svg:first-of-type{flex-grow:0;flex-shrink:100}.elementor-widget-divider--element-align-start .elementor-divider-separator:before{content:none}.elementor-widget-divider--element-align-start .elementor-divider__element{margin-inline-start:0}.elementor-widget-divider--element-align-end .elementor-divider .elementor-divider-separator>.elementor-divider__svg:last-of-type{flex-grow:0;flex-shrink:100}.elementor-widget-divider--element-align-end .elementor-divider-separator:after{content:none}.elementor-widget-divider--element-align-end .elementor-divider__element{margin-inline-end:0}.elementor-widget-divider:not(.elementor-widget-divider--view-line_text):not(.elementor-widget-divider--view-line_icon) .elementor-divider-separator{border-block-start:var(--divider-border-width) var(--divider-border-style) var(--divider-color)}.elementor-widget-divider--separator-type-pattern{--divider-border-style:none}.elementor-widget-divider--separator-type-pattern.elementor-widget-divider--view-line .elementor-divider-separator,.elementor-widget-divider--separator-type-pattern:not(.elementor-widget-divider--view-line) .elementor-divider-separator:after,.elementor-widget-divider--separator-type-pattern:not(.elementor-widget-divider--view-line) .elementor-divider-separator:before,.elementor-widget-divider--separator-type-pattern:not([class*=elementor-widget-divider--view]) .elementor-divider-separator{width:100%;min-height:var(--divider-pattern-height);-webkit-mask-size:var(--divider-pattern-size) 100%;mask-size:var(--divider-pattern-size) 100%;-webkit-mask-repeat:var(--divider-pattern-repeat);mask-repeat:var(--divider-pattern-repeat);background-color:var(--divider-color);-webkit-mask-image:var(--divider-pattern-url);mask-image:var(--divider-pattern-url)}.elementor-widget-divider--no-spacing{--divider-pattern-size:auto}.elementor-widget-divider--bg-round{--divider-pattern-repeat:round}.rtl .elementor-widget-divider .elementor-divider__text{direction:rtl}.e-con-inner>.elementor-widget-divider,.e-con>.elementor-widget-divider{width:var(--container-widget-width,100%);--flex-grow:var(--container-widget-flex-grow)}<\/style>\t\t<div class=\"elementor-divider\">\n\t\t\t<span class=\"elementor-divider-separator\">\n\t\t\t\t\t\t<\/span>\n\t\t<\/div>\n\t\t\t\t<\/div>\n\t\t\t\t<\/div>\n\t\t\t\t\t<\/div>\n\t\t<\/div>\n\t\t\t\t\t<\/div>\n\t\t<\/section>\n\t\t\t\t<section class=\"elementor-section elementor-top-section elementor-element elementor-element-c321bc8 elementor-section-boxed elementor-section-height-default elementor-section-height-default\" data-id=\"c321bc8\" data-element_type=\"section\">\n\t\t\t\t\t\t<div class=\"elementor-container elementor-column-gap-default\">\n\t\t\t\t\t<div class=\"elementor-column elementor-col-100 elementor-top-column elementor-element elementor-element-42fd929\" data-id=\"42fd929\" data-element_type=\"column\">\n\t\t\t<div class=\"elementor-widget-wrap elementor-element-populated\">\n\t\t\t\t\t\t<div class=\"elementor-element elementor-element-9d61e80 elementor-widget elementor-widget-text-editor\" data-id=\"9d61e80\" data-element_type=\"widget\" data-widget_type=\"text-editor.default\">\n\t\t\t\t<div class=\"elementor-widget-container\">\n\t\t\t<style>\/*! elementor - v3.22.0 - 17-06-2024 *\/\n.elementor-widget-text-editor.elementor-drop-cap-view-stacked .elementor-drop-cap{background-color:#69727d;color:#fff}.elementor-widget-text-editor.elementor-drop-cap-view-framed .elementor-drop-cap{color:#69727d;border:3px solid;background-color:transparent}.elementor-widget-text-editor:not(.elementor-drop-cap-view-default) .elementor-drop-cap{margin-top:8px}.elementor-widget-text-editor:not(.elementor-drop-cap-view-default) .elementor-drop-cap-letter{width:1em;height:1em}.elementor-widget-text-editor .elementor-drop-cap{float:left;text-align:center;line-height:1;font-size:50px}.elementor-widget-text-editor .elementor-drop-cap-letter{display:inline-block}<\/style>\t\t\t\t<h5><strong>Processus d\u2019\u00e9valuation par les pair-e-s en <em>double aveugle <\/em><\/strong><\/h5><p><strong> <br \/><\/strong>Les articles seront envoy\u00e9s par voie \u00e9lectronique \u00e0 l\u2019adresse : <a href=\"mailto:isttrarom.translationes@gmail.com\">isttrarom.translationes@gmail.com<\/a>.<\/p><p>Les articles feront l\u2019objet d\u2019une pr\u00e9-\u00e9valuation faite par les membres du comit\u00e9 de r\u00e9daction. En cas de r\u00e9ponse favorable, chaque contribution sera ensuite soumise \u00e0 une \u00e9valuation par les <em>pair-e-s en double aveugle<\/em>. Chaque article est anonym\u00e9, cod\u00e9 et envoy\u00e9 \u00e0 deux \u00e9valuateurs. Suit une proc\u00e9dure d\u2019\u00e9valuation en plusieurs \u00e9tapes.<\/p><p>L\u2019\u00e9valuation des articles anonym\u00e9s est r\u00e9alis\u00e9e par deux experts choisis parmi les membres des comit\u00e9s scientifique ou de r\u00e9daction, ou parmi d\u2019autres chercheurs du domaine.<\/p><p>Notification aux auteur.e.s : d\u2019acceptation, d\u2019acceptation apr\u00e8s modifications mineures ou de rejet.<\/p><p>Remise des articles accompagn\u00e9s des rapports d\u2019\u00e9valuation (<a href=\"http:\/\/translationes.uvt.ro\/wp-content\/uploads\/2024\/07\/Translationes-FR-Fiche-d-evaluation.pdf\" target=\"_blank\" rel=\"noopener\">fiche d&rsquo;\u00e9valuation<\/a> remplie par les deux \u00e9valuateurs).<\/p><p>Les \u00e9valuateurs disposent, en g\u00e9n\u00e9ral, d\u2019un d\u00e9lai d\u2019un mois pour effectuer l\u2019\u00e9valuation.<\/p><p>Pour soumettre \u00e0 nouveau son article, l\u2019auteur doit le revoir et corriger selon les commentaires et les remarques faits par les experts.<\/p><h5><strong>Calendrier<\/strong><\/h5><p>&#8211; <strong>le 30 avril<\/strong>: d\u00e9lai pour l\u2019envoi des propositions (titre et r\u00e9sum\u00e9, environ 80-100 mots) et de la notice bio-bibliographique (maximum 150 mots) \u00e0 l\u2019adresse: <a href=\"mailto:isttrarom.translationes@gmail.com\">isttrarom.translationes@gmail.com<\/a>.<\/p><p>&#8211; <strong>le 30 juin<\/strong>: d\u00e9lai pour l\u2019envoi des articles (apr\u00e8s acceptation des propositions) \u00e0 l\u2019adresse: <a href=\"mailto:isttrarom.translationes@gmail.com\">isttrarom.translationes@gmail.com<\/a>.<\/p><p>&#8211; <strong>du 1er juillet au 10 septembre<\/strong> : \u00e9valuation des articles en double aveugle par des membres des comit\u00e9s scientifique ou de r\u00e9daction et par des sp\u00e9cialistes de la traductologie.<\/p><p>&#8211; <strong>le 10 septembre<\/strong> : r\u00e9ponse aux auteurs (avis favorable ou d\u00e9favorable) et envoie des articles et des fiches d\u2019\u00e9valuation.<\/p><p>&#8211; <strong>le 30 septembre<\/strong>: d\u00e9lai pour l\u2019envoi des articles revus et corrig\u00e9s et mis en page selon le protocole de r\u00e9daction de la revue.<\/p>\t\t\t\t\t\t<\/div>\n\t\t\t\t<\/div>\n\t\t\t\t\t<\/div>\n\t\t<\/div>\n\t\t\t\t\t<\/div>\n\t\t<\/section>\n\t\t\t\t<\/div>\n\t\t","protected":false},"excerpt":{"rendered":"<p>Processus d\u2019\u00e9valuation par les pair-e-s en double aveugle Les articles seront envoy\u00e9s par voie \u00e9lectronique \u00e0 l\u2019adresse : isttrarom.translationes@gmail.com. Les articles feront l\u2019objet d\u2019une pr\u00e9-\u00e9valuation faite par les membres du comit\u00e9 de r\u00e9daction. En cas de r\u00e9ponse favorable, chaque contribution sera ensuite soumise \u00e0 une \u00e9valuation par les pair-e-s en double aveugle. Chaque article est [&hellip;]<\/p>\n","protected":false},"author":1,"featured_media":0,"parent":0,"menu_order":0,"comment_status":"closed","ping_status":"closed","template":"","meta":{"footnotes":""},"_links":{"self":[{"href":"http:\/\/translationes.uvt.ro\/fr\/wp-json\/wp\/v2\/pages\/359"}],"collection":[{"href":"http:\/\/translationes.uvt.ro\/fr\/wp-json\/wp\/v2\/pages"}],"about":[{"href":"http:\/\/translationes.uvt.ro\/fr\/wp-json\/wp\/v2\/types\/page"}],"author":[{"embeddable":true,"href":"http:\/\/translationes.uvt.ro\/fr\/wp-json\/wp\/v2\/users\/1"}],"replies":[{"embeddable":true,"href":"http:\/\/translationes.uvt.ro\/fr\/wp-json\/wp\/v2\/comments?post=359"}],"version-history":[{"count":12,"href":"http:\/\/translationes.uvt.ro\/fr\/wp-json\/wp\/v2\/pages\/359\/revisions"}],"predecessor-version":[{"id":550,"href":"http:\/\/translationes.uvt.ro\/fr\/wp-json\/wp\/v2\/pages\/359\/revisions\/550"}],"wp:attachment":[{"href":"http:\/\/translationes.uvt.ro\/fr\/wp-json\/wp\/v2\/media?parent=359"}],"curies":[{"name":"wp","href":"https:\/\/api.w.org\/{rel}","templated":true}]}}