{"id":39,"date":"2024-06-18T11:08:05","date_gmt":"2024-06-18T11:08:05","guid":{"rendered":"http:\/\/translationes.uvt.ro\/?page_id=39"},"modified":"2024-07-26T12:03:12","modified_gmt":"2024-07-26T12:03:12","slug":"recenzare","status":"publish","type":"page","link":"http:\/\/translationes.uvt.ro\/ro\/recenzare\/","title":{"rendered":"Recenzare"},"content":{"rendered":"\t\t<div data-elementor-type=\"wp-page\" data-elementor-id=\"39\" class=\"elementor elementor-39\" data-elementor-post-type=\"page\">\n\t\t\t\t\t\t<section class=\"elementor-section elementor-top-section elementor-element elementor-element-4590046 elementor-section-boxed elementor-section-height-default elementor-section-height-default\" data-id=\"4590046\" data-element_type=\"section\">\n\t\t\t\t\t\t<div class=\"elementor-container elementor-column-gap-default\">\n\t\t\t\t\t<div class=\"elementor-column elementor-col-100 elementor-top-column elementor-element elementor-element-69b52a0\" data-id=\"69b52a0\" data-element_type=\"column\">\n\t\t\t<div class=\"elementor-widget-wrap elementor-element-populated\">\n\t\t\t\t\t\t<div class=\"elementor-element elementor-element-197e1a6 elementor-widget elementor-widget-heading\" data-id=\"197e1a6\" data-element_type=\"widget\" data-widget_type=\"heading.default\">\n\t\t\t\t<div class=\"elementor-widget-container\">\n\t\t\t<style>\/*! elementor - v3.22.0 - 17-06-2024 *\/\n.elementor-heading-title{padding:0;margin:0;line-height:1}.elementor-widget-heading .elementor-heading-title[class*=elementor-size-]>a{color:inherit;font-size:inherit;line-height:inherit}.elementor-widget-heading .elementor-heading-title.elementor-size-small{font-size:15px}.elementor-widget-heading .elementor-heading-title.elementor-size-medium{font-size:19px}.elementor-widget-heading .elementor-heading-title.elementor-size-large{font-size:29px}.elementor-widget-heading .elementor-heading-title.elementor-size-xl{font-size:39px}.elementor-widget-heading .elementor-heading-title.elementor-size-xxl{font-size:59px}<\/style><h2 class=\"elementor-heading-title elementor-size-default\">Recenzare<\/h2>\t\t<\/div>\n\t\t\t\t<\/div>\n\t\t\t\t<div class=\"elementor-element elementor-element-b8ecb19 elementor-widget-divider--view-line elementor-widget elementor-widget-divider\" data-id=\"b8ecb19\" data-element_type=\"widget\" data-widget_type=\"divider.default\">\n\t\t\t\t<div class=\"elementor-widget-container\">\n\t\t\t<style>\/*! elementor - v3.22.0 - 17-06-2024 *\/\n.elementor-widget-divider{--divider-border-style:none;--divider-border-width:1px;--divider-color:#0c0d0e;--divider-icon-size:20px;--divider-element-spacing:10px;--divider-pattern-height:24px;--divider-pattern-size:20px;--divider-pattern-url:none;--divider-pattern-repeat:repeat-x}.elementor-widget-divider .elementor-divider{display:flex}.elementor-widget-divider .elementor-divider__text{font-size:15px;line-height:1;max-width:95%}.elementor-widget-divider .elementor-divider__element{margin:0 var(--divider-element-spacing);flex-shrink:0}.elementor-widget-divider .elementor-icon{font-size:var(--divider-icon-size)}.elementor-widget-divider .elementor-divider-separator{display:flex;margin:0;direction:ltr}.elementor-widget-divider--view-line_icon .elementor-divider-separator,.elementor-widget-divider--view-line_text .elementor-divider-separator{align-items:center}.elementor-widget-divider--view-line_icon .elementor-divider-separator:after,.elementor-widget-divider--view-line_icon .elementor-divider-separator:before,.elementor-widget-divider--view-line_text .elementor-divider-separator:after,.elementor-widget-divider--view-line_text .elementor-divider-separator:before{display:block;content:\"\";border-block-end:0;flex-grow:1;border-block-start:var(--divider-border-width) var(--divider-border-style) var(--divider-color)}.elementor-widget-divider--element-align-left .elementor-divider .elementor-divider-separator>.elementor-divider__svg:first-of-type{flex-grow:0;flex-shrink:100}.elementor-widget-divider--element-align-left .elementor-divider-separator:before{content:none}.elementor-widget-divider--element-align-left .elementor-divider__element{margin-left:0}.elementor-widget-divider--element-align-right .elementor-divider .elementor-divider-separator>.elementor-divider__svg:last-of-type{flex-grow:0;flex-shrink:100}.elementor-widget-divider--element-align-right .elementor-divider-separator:after{content:none}.elementor-widget-divider--element-align-right .elementor-divider__element{margin-right:0}.elementor-widget-divider--element-align-start .elementor-divider .elementor-divider-separator>.elementor-divider__svg:first-of-type{flex-grow:0;flex-shrink:100}.elementor-widget-divider--element-align-start .elementor-divider-separator:before{content:none}.elementor-widget-divider--element-align-start .elementor-divider__element{margin-inline-start:0}.elementor-widget-divider--element-align-end .elementor-divider .elementor-divider-separator>.elementor-divider__svg:last-of-type{flex-grow:0;flex-shrink:100}.elementor-widget-divider--element-align-end .elementor-divider-separator:after{content:none}.elementor-widget-divider--element-align-end .elementor-divider__element{margin-inline-end:0}.elementor-widget-divider:not(.elementor-widget-divider--view-line_text):not(.elementor-widget-divider--view-line_icon) .elementor-divider-separator{border-block-start:var(--divider-border-width) var(--divider-border-style) var(--divider-color)}.elementor-widget-divider--separator-type-pattern{--divider-border-style:none}.elementor-widget-divider--separator-type-pattern.elementor-widget-divider--view-line .elementor-divider-separator,.elementor-widget-divider--separator-type-pattern:not(.elementor-widget-divider--view-line) .elementor-divider-separator:after,.elementor-widget-divider--separator-type-pattern:not(.elementor-widget-divider--view-line) .elementor-divider-separator:before,.elementor-widget-divider--separator-type-pattern:not([class*=elementor-widget-divider--view]) .elementor-divider-separator{width:100%;min-height:var(--divider-pattern-height);-webkit-mask-size:var(--divider-pattern-size) 100%;mask-size:var(--divider-pattern-size) 100%;-webkit-mask-repeat:var(--divider-pattern-repeat);mask-repeat:var(--divider-pattern-repeat);background-color:var(--divider-color);-webkit-mask-image:var(--divider-pattern-url);mask-image:var(--divider-pattern-url)}.elementor-widget-divider--no-spacing{--divider-pattern-size:auto}.elementor-widget-divider--bg-round{--divider-pattern-repeat:round}.rtl .elementor-widget-divider .elementor-divider__text{direction:rtl}.e-con-inner>.elementor-widget-divider,.e-con>.elementor-widget-divider{width:var(--container-widget-width,100%);--flex-grow:var(--container-widget-flex-grow)}<\/style>\t\t<div class=\"elementor-divider\">\n\t\t\t<span class=\"elementor-divider-separator\">\n\t\t\t\t\t\t<\/span>\n\t\t<\/div>\n\t\t\t\t<\/div>\n\t\t\t\t<\/div>\n\t\t\t\t\t<\/div>\n\t\t<\/div>\n\t\t\t\t\t<\/div>\n\t\t<\/section>\n\t\t\t\t<section class=\"elementor-section elementor-top-section elementor-element elementor-element-c321bc8 elementor-section-boxed elementor-section-height-default elementor-section-height-default\" data-id=\"c321bc8\" data-element_type=\"section\">\n\t\t\t\t\t\t<div class=\"elementor-container elementor-column-gap-default\">\n\t\t\t\t\t<div class=\"elementor-column elementor-col-100 elementor-top-column elementor-element elementor-element-42fd929\" data-id=\"42fd929\" data-element_type=\"column\">\n\t\t\t<div class=\"elementor-widget-wrap elementor-element-populated\">\n\t\t\t\t\t\t<div class=\"elementor-element elementor-element-9d61e80 elementor-widget elementor-widget-text-editor\" data-id=\"9d61e80\" data-element_type=\"widget\" data-widget_type=\"text-editor.default\">\n\t\t\t\t<div class=\"elementor-widget-container\">\n\t\t\t<style>\/*! elementor - v3.22.0 - 17-06-2024 *\/\n.elementor-widget-text-editor.elementor-drop-cap-view-stacked .elementor-drop-cap{background-color:#69727d;color:#fff}.elementor-widget-text-editor.elementor-drop-cap-view-framed .elementor-drop-cap{color:#69727d;border:3px solid;background-color:transparent}.elementor-widget-text-editor:not(.elementor-drop-cap-view-default) .elementor-drop-cap{margin-top:8px}.elementor-widget-text-editor:not(.elementor-drop-cap-view-default) .elementor-drop-cap-letter{width:1em;height:1em}.elementor-widget-text-editor .elementor-drop-cap{float:left;text-align:center;line-height:1;font-size:50px}.elementor-widget-text-editor .elementor-drop-cap-letter{display:inline-block}<\/style>\t\t\t\t<h5><strong>Procesul de recenzare\u00a0<em>(double blind peer review process)<\/em><\/strong><\/h5><p><strong>\u00a0<br \/><\/strong>Articolele vor fi trimise \u00een format electronic pe adresa revistei: <a href=\"mailto:isttrarom.translationes@gmail.com\">isttrarom.translationes@gmail.com<\/a>.<\/p><p>Articolele vor fi supuse unei evalu\u0103ri ini\u021biale la nivelul redac\u021biei urm\u00e2nd ca, \u00een cazul unei evalu\u0103ri pozitive din partea editorilor, fiecare studiu s\u0103 fie supus unei evalu\u0103ri de tipul\u00a0<em>double-blind peer review.<\/em> \u00cen acest sens, fiecare articol prime\u015fte un cod \u015fi este trimis, f\u0103r\u0103 numele autorului, la doi evaluatori. Procedura care urmeaz\u0103 are mai multe etape.<\/p><p>Evaluarea articolelor este realizat\u0103 de doi speciali\u015fti ale\u015fi din comitetul \u015ftiin\u0163ific \u015fi dintre colaboratorii externi.<\/p><p>Informarea autorului privind fie acceptarea articolului, fie acceptarea lui dup\u0103 efectuarea unor modific\u0103ri minore, fie respingerea lui.<\/p><p>Autorii primesc articolele \u00eempreun\u0103 cu rapoartele de evaluare (<a href=\"http:\/\/translationes.uvt.ro\/wp-content\/uploads\/2024\/07\/Translationes-RO-Fisa-de-evaluare.pdf\" target=\"_blank\" rel=\"noopener\">fi\u015fa de evaluare<\/a>\u00a0a articolelor completat\u0103 de cei doi evaluatori).<\/p><p>Evaluatorii au \u00een general la dispozi\u0163ie o lun\u0103 pentru evaluarea articolelor.<\/p><p>Fiecare autor trebuie s\u0103 efectueze modific\u0103rile necesare \u00een func\u0163ie de comentariile \u015fi observa\u0163iile celor doi exper\u0163i, pentru a-\u015fi retrimite articolul.<\/p><p><strong>\u00a0<\/strong><strong>\u00a0<\/strong><\/p><h5><strong>Calendar anual<\/strong><\/h5><p><strong>\u00a0<\/strong>&#8211; <strong>30 aprilie<\/strong>: Termenul limit\u0103 pentru trimiterea propunerii cuprinz\u00e2nd titlul articolului, rezumatul (80-100 cuvinte) \u015fi fi\u015fa biobibliografic\u0103 a autorului (max. 150 cuvinte) la urm\u0103toarea adres\u0103:\u00a0<a href=\"mailto:isttrarom.translationes@gmail.com\">isttrarom.translationes@gmail.com<\/a>.<\/p><p>&#8211; <strong>30 iunie<\/strong>:\u00a0Termenul limit\u0103 pentru trimiterea articolelor \u00een format electronic la adresa:\u00a0<a href=\"mailto:isttrarom.translationes@gmail.com\">isttrarom.translationes@gmail.com<\/a>.<\/p><p>&#8211; <strong>p\u00e2n\u0103 \u00een 10 septembrie<\/strong>: Evaluarea articolelor anonime de c\u0103tre doi referen\u0163i selecta\u0163i din comitetele \u015ftiin\u0163ific \u015fi de redac\u0163ie sau din r\u00e2ndul personalit\u0103\u0163ilor externe.<\/p><p>&#8211; <strong>10 septembrie<\/strong>: \u00cen\u015ftiin\u0163area autorilor cu privire la condi\u021biile de acceptare sau de respingere a articolelor \u015fi trimiterea c\u0103tre autori a articolelor \u00eenso\u0163ite de rapoartele de evaluare.<\/p><p>&#8211; <strong>30 septembrie<\/strong>:\u00a0Termenul limit\u0103 pentru trimiterea articolelor finalizate \u00een conformitate cu sugestiile referen\u0163ilor \u015fi cu protocolul de tehnoredactare al revistei.<\/p><p><strong>\u00a0<\/strong><\/p>\t\t\t\t\t\t<\/div>\n\t\t\t\t<\/div>\n\t\t\t\t\t<\/div>\n\t\t<\/div>\n\t\t\t\t\t<\/div>\n\t\t<\/section>\n\t\t\t\t<\/div>\n\t\t","protected":false},"excerpt":{"rendered":"<p>Procesul de recenzare\u00a0(double blind peer review process) \u00a0Articolele vor fi trimise \u00een format electronic pe adresa revistei: isttrarom.translationes@gmail.com. Articolele vor fi supuse unei evalu\u0103ri ini\u021biale la nivelul redac\u021biei urm\u00e2nd ca, \u00een cazul unei evalu\u0103ri pozitive din partea editorilor, fiecare studiu s\u0103 fie supus unei evalu\u0103ri de tipul\u00a0double-blind peer review. \u00cen acest sens, fiecare articol prime\u015fte [&hellip;]<\/p>\n","protected":false},"author":1,"featured_media":0,"parent":0,"menu_order":0,"comment_status":"closed","ping_status":"closed","template":"","meta":{"footnotes":""},"_links":{"self":[{"href":"http:\/\/translationes.uvt.ro\/ro\/wp-json\/wp\/v2\/pages\/39"}],"collection":[{"href":"http:\/\/translationes.uvt.ro\/ro\/wp-json\/wp\/v2\/pages"}],"about":[{"href":"http:\/\/translationes.uvt.ro\/ro\/wp-json\/wp\/v2\/types\/page"}],"author":[{"embeddable":true,"href":"http:\/\/translationes.uvt.ro\/ro\/wp-json\/wp\/v2\/users\/1"}],"replies":[{"embeddable":true,"href":"http:\/\/translationes.uvt.ro\/ro\/wp-json\/wp\/v2\/comments?post=39"}],"version-history":[{"count":26,"href":"http:\/\/translationes.uvt.ro\/ro\/wp-json\/wp\/v2\/pages\/39\/revisions"}],"predecessor-version":[{"id":544,"href":"http:\/\/translationes.uvt.ro\/ro\/wp-json\/wp\/v2\/pages\/39\/revisions\/544"}],"wp:attachment":[{"href":"http:\/\/translationes.uvt.ro\/ro\/wp-json\/wp\/v2\/media?parent=39"}],"curies":[{"name":"wp","href":"https:\/\/api.w.org\/{rel}","templated":true}]}}